{"id":48,"date":"2023-11-16T09:07:04","date_gmt":"2023-11-16T09:07:04","guid":{"rendered":"https:\/\/studieslim.nl\/?page_id=48"},"modified":"2025-12-23T11:58:33","modified_gmt":"2025-12-23T11:58:33","slug":"studieslim","status":"publish","type":"page","link":"https:\/\/studieslim.nl\/","title":{"rendered":"Home"},"content":{"rendered":"\n<h1 class=\"wp-block-heading\">StudieSlim<\/h1>\n\n\n\n<p class=\"has-text-align-left\"><strong>Bij StudieSlim kunt u terecht voor begeleiding en ondersteuning van leerlingen in het basisonderwijs en het voortgezet onderwijs. Het welzijn van het kind staat daarbij centraal. Bij StudieSlim krijgt het kind persoonlijke aandacht. We kijken samen naar de schoolprestaties en hoe deze te verbeteren. <br>Een kind dat goed in zijn vel zit, zal beter presteren op school.<\/strong><\/p>\n\n\n\n<hr class=\"wp-block-separator has-alpha-channel-opacity is-style-wide\"\/>\n\n\n\n<h4 class=\"wp-block-heading has-text-align-center\" style=\"font-size:38px;line-height:1.4\">Waarom begeleiding en ondersteuning?<\/h4>\n\n\n\n<div class=\"wp-block-columns is-layout-flex wp-container-core-columns-is-layout-9d6595d7 wp-block-columns-is-layout-flex\">\n<div class=\"wp-block-column is-layout-flow wp-block-column-is-layout-flow\">\n<p class=\"has-text-align-left\" style=\"font-size:18px\"><strong>StudieSlim biedt begeleiding en ondersteuning voor leerlingen met verschillende leerproblemen. Deze leerproblemen kunnen \u00e9\u00e9n of meerdere van de volgende situaties zijn:<\/strong><\/p>\n<\/div>\n\n\n\n<div class=\"wp-block-column is-layout-flow wp-block-column-is-layout-flow\">\n<ul class=\"wp-block-list\">\n<li>Moeite hebben met de aanpak van lesstof leren.<\/li>\n\n\n\n<li>Moeite hebben met plannen.<\/li>\n\n\n\n<li>Moeite hebben met structuur en regelmaat van huiswerk.<\/li>\n\n\n\n<li>Motivatie.<\/li>\n\n\n\n<li>Problemen ervaren voor, tijdens of na toetsen.<\/li>\n\n\n\n<li>Achterstand bij bepaalde vakken.<\/li>\n\n\n\n<li>Niet goed mee kunnen komen op school.<\/li>\n\n\n\n<li>Thuis niet tot leren of huiswerk maken kunnen komen.<\/li>\n<\/ul>\n<\/div>\n<\/div>\n\n\n\n<hr class=\"wp-block-separator has-alpha-channel-opacity is-style-wide\"\/>\n\n\n<div class=\"wp-block-image\">\n<figure class=\"aligncenter size-large is-resized\"><img loading=\"lazy\" decoding=\"async\" width=\"1024\" height=\"524\" src=\"https:\/\/studieslim.nl\/wp-content\/uploads\/2023\/11\/Logo-StudieSlim-1024x524.jpeg\" alt=\"\" class=\"wp-image-12\" style=\"width:596px;height:auto\" srcset=\"https:\/\/studieslim.nl\/wp-content\/uploads\/2023\/11\/Logo-StudieSlim-1024x524.jpeg 1024w, https:\/\/studieslim.nl\/wp-content\/uploads\/2023\/11\/Logo-StudieSlim-300x153.jpeg 300w, https:\/\/studieslim.nl\/wp-content\/uploads\/2023\/11\/Logo-StudieSlim-768x393.jpeg 768w, https:\/\/studieslim.nl\/wp-content\/uploads\/2023\/11\/Logo-StudieSlim-1536x785.jpeg 1536w, https:\/\/studieslim.nl\/wp-content\/uploads\/2023\/11\/Logo-StudieSlim.jpeg 2048w\" sizes=\"auto, (max-width: 1024px) 100vw, 1024px\" \/><\/figure>\n<\/div>\n\n\n<h2 class=\"wp-block-heading has-text-align-center\">Waarom StudieSlim?<\/h2>\n\n\n\n<div class=\"wp-block-columns is-layout-flex wp-container-core-columns-is-layout-9d6595d7 wp-block-columns-is-layout-flex\">\n<div class=\"wp-block-column is-layout-flow wp-block-column-is-layout-flow\">\n<ul class=\"wp-block-list\">\n<li><strong>Persoonlijke aandacht<\/strong><br>Bij StudieSlim is persoonlijke aandacht erg belangrijk. Door \u00e9\u00e9n-op-\u00e9\u00e9n begeleiding gaat de aandacht in het lesuur volledig naar uw kind.<\/li>\n<\/ul>\n<\/div>\n\n\n\n<div class=\"wp-block-column is-layout-flow wp-block-column-is-layout-flow\">\n<ul class=\"wp-block-list\">\n<li><strong>Resultaat<\/strong><br>Kinderen die tot nu toe bij StudieSlim onder begeleiding zijn geweest, laten allemaal op hun eigen manier een groei zien. <br>De groei zie je terug in onder andere de schoolresultaten, maar ook de zelfstandigheid en het zelfvertrouwen.<\/li>\n<\/ul>\n<\/div>\n<\/div>\n\n\n\n<div class=\"wp-block-columns is-layout-flex wp-container-core-columns-is-layout-9d6595d7 wp-block-columns-is-layout-flex\">\n<div class=\"wp-block-column is-layout-flow wp-block-column-is-layout-flow\">\n<ul class=\"wp-block-list\">\n<li><strong>Sfeer<\/strong><br>Bij StudieSlim werken we in een warme en huiselijke setting. We gaan op een luchtige, open manier met elkaar om. Hierdoor is er altijd ruimte voor een leuk gesprek, maar ook wanneer het niet zo goed gaat, kunnen we het hierover hebben.<\/li>\n<\/ul>\n<\/div>\n\n\n\n<div class=\"wp-block-column is-layout-flow wp-block-column-is-layout-flow\">\n<ul class=\"wp-block-list\">\n<li><strong>Kosten<\/strong><br>Bij StudieSlim zit u nergens aan vast. U betaalt per lesuur. Deze uren kunnen flexibel ingepland worden.<\/li>\n<\/ul>\n<\/div>\n<\/div>\n\n\n\n<hr class=\"wp-block-separator has-alpha-channel-opacity is-style-wide\"\/>\n\n\n\n<div class=\"wp-block-columns alignwide is-layout-flex wp-container-core-columns-is-layout-829b1d53 wp-block-columns-is-layout-flex\" style=\"margin-bottom:0\">\n<div class=\"wp-block-column has-text-color has-background has-link-color wp-elements-5b6bc7c73e8fbdb44e7f7c0f13792346 is-layout-flow wp-block-column-is-layout-flow\" style=\"color:#000000;background-color:#c0ebf1;padding-top:2em;padding-right:2em;padding-bottom:2em;padding-left:2em\">\n<h2 class=\"wp-block-heading\" id=\"patron\" style=\"font-size:40px\">Dit ben ik&#8230;<\/h2>\n\n\n\n<hr class=\"wp-block-separator has-css-opacity is-style-wide\"\/>\n\n\n\n<div class=\"wp-block-buttons alignfull is-horizontal is-content-justification-center is-layout-flex wp-container-core-buttons-is-layout-499968f5 wp-block-buttons-is-layout-flex\"><\/div>\n\n\n\n<p>Mijn naam is Tary Klijs, eigenaresse van StudieSlim.<\/p>\n\n\n\n<p>In 2019 ben ik begonnen met het geven van bijlessen. Dit deed ik naast mijn studie Docent Omgangskunde.<br>Na vier jaar bijlessen te geven heb ik in 2023 de keuze gemaakt om hiervan een eigen onderneming te maken.<\/p>\n\n\n\n<figure class=\"wp-block-image size-large\"><img loading=\"lazy\" decoding=\"async\" width=\"768\" height=\"1024\" src=\"https:\/\/studieslim.nl\/wp-content\/uploads\/2023\/11\/IMG_2366-768x1024.png\" alt=\"\" class=\"wp-image-13\" srcset=\"https:\/\/studieslim.nl\/wp-content\/uploads\/2023\/11\/IMG_2366-768x1024.png 768w, https:\/\/studieslim.nl\/wp-content\/uploads\/2023\/11\/IMG_2366-225x300.png 225w, https:\/\/studieslim.nl\/wp-content\/uploads\/2023\/11\/IMG_2366-1152x1536.png 1152w, https:\/\/studieslim.nl\/wp-content\/uploads\/2023\/11\/IMG_2366-1536x2048.png 1536w\" sizes=\"auto, (max-width: 768px) 100vw, 768px\" \/><\/figure>\n<\/div>\n\n\n\n<div class=\"wp-block-column has-text-color has-background has-link-color wp-elements-ca075f90ce42038ca6bc6f5997ecdc68 is-layout-flow wp-block-column-is-layout-flow\" style=\"color:#000000;background-color:#c0ebf1;padding-top:2em;padding-right:2em;padding-bottom:2em;padding-left:2em\">\n<h2 class=\"wp-block-heading\" id=\"patron\" style=\"font-size:40px\">Deskun-digheid<\/h2>\n\n\n\n<hr class=\"wp-block-separator has-css-opacity is-style-wide\"\/>\n\n\n\n<div class=\"wp-block-buttons alignfull is-horizontal is-content-justification-center is-layout-flex wp-container-core-buttons-is-layout-499968f5 wp-block-buttons-is-layout-flex\"><\/div>\n\n\n\n<p>In 2021 heb ik mijn diploma Docent Omgangskunde behaald. <br>Tijdens deze opleiding heb ik mij verdiept in verschillende stoornissen zoals autisme en ADHD, coaching en gedragsnormen.<\/p>\n\n\n\n<p>In mei 2024 heb ik de cursus Practitioner Remedial Teacher aan de Fontys Hogeschool afgerond.<br>Hier heb ik mij verdiept in het signaleren\/screenen van achterstanden en begeleiden bij rekenen, (begrijpend) lezen en spelling.<\/p>\n<\/div>\n\n\n\n<div class=\"wp-block-column has-text-color has-background has-link-color wp-elements-5f50742cd28cb2806b3b4af3f41c49ea is-layout-flow wp-block-column-is-layout-flow\" style=\"color:#000000;background-color:#c0ebf1;padding-top:2em;padding-right:2em;padding-bottom:2em;padding-left:2em\">\n<h2 class=\"wp-block-heading\" id=\"patron\" style=\"font-size:40px\">Ervaring<\/h2>\n\n\n\n<hr class=\"wp-block-separator has-css-opacity is-style-wide\"\/>\n\n\n\n<p>Tijdens mijn studie van 2017 tot en met 2021 heb ik ervaring op mogen doen binnen het vmbo, havo\/vwo, praktijkonderwijs en speciaal voortgezet onderwijs. Hier heb ik gewerkt als mentor, leerkracht en remedial teacher\/autisme coach.<\/p>\n\n\n\n<p>Werkzaamheden van StudieSlim bij scholen:<\/p>\n\n\n\n<ul class=\"wp-block-list\">\n<li>Mgr. Frencken College &#8211; Dyslexiebegeleiding<\/li>\n\n\n\n<li>De Bolster &#8211; Leerlingbegeleiding<\/li>\n\n\n\n<li>St. Joseph &#8211; <br>Remedial Teaching<\/li>\n<\/ul>\n<\/div>\n<\/div>\n\n\n\n<hr class=\"wp-block-separator has-alpha-channel-opacity is-style-wide\"\/>\n\n\n\n<style>\r\n\r\n#wpsm_counter_b_row_114 .wpsm_counterbox\r\n{\r\n\ttext-align:center;\r\n\tmargin-top:50px;\r\n\tmargin-bottom:50px;\r\n}\r\n#wpsm_counter_b_row_114 .wpsm_counterbox .wpsm_count-icon{\r\n\tdisplay:block;\r\n\tmargin-top:20px;\r\n\tpadding-top:0px;\r\n\tpadding-bottom:0px;\r\n\tmargin-bottom:0px;\r\n\tmargin:0 auto;\r\n}\r\n#wpsm_counter_b_row_114 .wpsm_counterbox .wpsm_count-icon i{\r\n\tfont-size:20px;\r\n\tcolor:#000000;\r\n}\r\n#wpsm_counter_b_row_114 .wpsm_counterbox .wpsm_number{\r\n\tfont-size:18px;\r\n\tfont-weight:400;\r\n\tcolor:#000000;\r\n\tfont-family:'Open Sans';\r\n\tletter-spacing:2px;\r\n\tmargin-top:20px;\r\n\tline-height: 1.3em;\r\n\tpadding-top:0px;\r\n\tpadding-bottom:0px;\r\n\tmargin-bottom:0px;\r\n}\r\n#wpsm_counter_b_row_114 .wpsm_counterbox .wpsm_count-title{\r\n    font-size:18px;\r\n\tfont-weight:bolder;\r\n\tfont-family:'Open Sans';\r\n\tletter-spacing:2px;\r\n    color: #000000;\r\n\tfont-weight:400;\r\n\tmargin-top:20px;\r\n\tpadding-top:0px;\r\n\tpadding-bottom:0px;\r\n\tmargin-bottom:0px;\r\n\tline-height: 1.3em;\r\n}\r\n\r\n<\/style> \r\n\t\t \r\n\t\t\r\n\t\t<style>\r\n\t\t#wpsm_counter_b_row_114\t\t\t{\r\n\t\t\t\t\r\n\t\t\t\tposition:relative;\r\n\t\t\t\twidth:100%;\r\n\t\t\t\toverflow:hidden;\r\n\t\t\t\ttext-align:center;\r\n\t\t\t}\r\n\t\t\t \r\n\t\t\t#wpsm_counter_b_row_114 .wpsm_row{\r\n\t\t\toverflow:hidden;\r\n\t\t\tdisplay:block;\r\n\t\t\twidth:100%;\r\n\t\t\t} \r\n\t\t\t \r\n\t\t\t#wpsm_counter_b_row_114 .wpsm_row{\r\n\t\t\toverflow:visible;\r\n\t\t\t} \r\n\t\t\t \r\n\t\t\t#wpsm_counter_b_row_114 .wpsm_counterbox .wpsm_count-title{\r\n\t\t\tmin-height:56px;\r\n\t\t\t}}\r\n\t\t\t \r\n\t\t<\/style>\r\n\t\t\r\n\t\t<div class=\"wpsm_counter_b_row\" id=\"wpsm_counter_b_row_114\">\r\n\t\t\t<div>\r\n\t\t\t\t<div class=\"wpsm_row\">\r\n\t\t\r\n\t\t\t\t\t\t<div class=\"wpsm_col-md-4 wpsm_col-sm-6\">\r\n\t\t\t\t\t<div class=\"wpsm_counterbox\">\r\n\t\t\t\t\t\t \r\n\t\t\t\t\t\t<div class=\"wpsm_count-icon\"><i #000000 class=\"fa fa-group\"><\/i><\/div>\r\n\t\t\t\t\t\t\t\t\t\t\t\t<div class=\"wpsm_number\" style=\"#000000\" >\r\n\t\t\t\t\t\t   <span class=\"counter\">231\t\t\t\t\t\t   <\/span>\r\n\t\t\t\t\t\t    \r\n\t\t\t\t\t    <\/div>\r\n\t\t\t\t\t\t<h3 class=\"wpsm_count-title\" #000000> Kinderen mogen begeleiden<\/h3>\r\n\t\t\t\t\t\t \r\n\t\t\t\t\t<\/div>\r\n\t\t\t\t<\/div>\r\n\t\t\t\t\t\t\t\t\t<div class=\"wpsm_col-md-4 wpsm_col-sm-6\">\r\n\t\t\t\t\t<div class=\"wpsm_counterbox\">\r\n\t\t\t\t\t\t \r\n\t\t\t\t\t\t<div class=\"wpsm_count-icon\"><i #000000 class=\"fa fa-user\"><\/i><\/div>\r\n\t\t\t\t\t\t\t\t\t\t\t\t<div class=\"wpsm_number\" style=\"#000000\" >\r\n\t\t\t\t\t\t   <span class=\"counter\">128\t\t\t\t\t\t   <\/span>\r\n\t\t\t\t\t\t    \r\n\t\t\t\t\t    <\/div>\r\n\t\t\t\t\t\t<h3 class=\"wpsm_count-title\" #000000> Uit het voortgezet onderwijs<\/h3>\r\n\t\t\t\t\t\t \r\n\t\t\t\t\t<\/div>\r\n\t\t\t\t<\/div>\r\n\t\t\t\t\t\t\t\t\t<div class=\"wpsm_col-md-4 wpsm_col-sm-6\">\r\n\t\t\t\t\t<div class=\"wpsm_counterbox\">\r\n\t\t\t\t\t\t \r\n\t\t\t\t\t\t<div class=\"wpsm_count-icon\"><i #000000 class=\"fa fa-child\"><\/i><\/div>\r\n\t\t\t\t\t\t\t\t\t\t\t\t<div class=\"wpsm_number\" style=\"#000000\" >\r\n\t\t\t\t\t\t   <span class=\"counter\">103\t\t\t\t\t\t   <\/span>\r\n\t\t\t\t\t\t    \r\n\t\t\t\t\t    <\/div>\r\n\t\t\t\t\t\t<h3 class=\"wpsm_count-title\" #000000> Uit het basisonderwijs<\/h3>\r\n\t\t\t\t\t\t \r\n\t\t\t\t\t<\/div>\r\n\t\t\t\t<\/div>\r\n\t\t\t\t\t\t<\/div>\r\n\t\t\t<div class=\"wpsm_row\">\r\n\t\t\t\t\t\t\r\n\t\t\t<\/div>\t\t\t\t<\/div>\r\n\t\t<\/div>\r\n\t\t\r\n\t\n\n\n\n<p><\/p>\n\n\n\n<p><\/p>\n\n\n\n<ul class=\"wp-block-social-links is-layout-flex wp-block-social-links-is-layout-flex\"><li class=\"wp-social-link wp-social-link-facebook  wp-block-social-link\"><a href=\"https:\/\/www.facebook.com\/profile.php?id=100084350441003\" class=\"wp-block-social-link-anchor\"><svg width=\"24\" height=\"24\" viewBox=\"0 0 24 24\" version=\"1.1\" xmlns=\"http:\/\/www.w3.org\/2000\/svg\" aria-hidden=\"true\" focusable=\"false\"><path d=\"M12 2C6.5 2 2 6.5 2 12c0 5 3.7 9.1 8.4 9.9v-7H7.9V12h2.5V9.8c0-2.5 1.5-3.9 3.8-3.9 1.1 0 2.2.2 2.2.2v2.5h-1.3c-1.2 0-1.6.8-1.6 1.6V12h2.8l-.4 2.9h-2.3v7C18.3 21.1 22 17 22 12c0-5.5-4.5-10-10-10z\"><\/path><\/svg><span class=\"wp-block-social-link-label screen-reader-text\">Facebook<\/span><\/a><\/li><\/ul>\n\n\n\n<p>Klik hierboven om naar de Facebookpagina van StudieSlim te gaan.<\/p>\n","protected":false},"excerpt":{"rendered":"<p>StudieSlim Bij StudieSlim kunt u terecht voor begeleiding en ondersteuning van leerlingen in het basisonderwijs en het voortgezet onderwijs. Het welzijn van het kind staat daarbij centraal. Bij StudieSlim krijgt het kind persoonlijke aandacht. We kijken samen naar de schoolprestaties en hoe deze te verbeteren. Een kind dat goed in zijn vel zit, zal beter presteren op school. Waarom begeleiding [&hellip;]<\/p>\n","protected":false},"author":1,"featured_media":12,"parent":0,"menu_order":0,"comment_status":"closed","ping_status":"closed","template":"","meta":{"footnotes":""},"class_list":["post-48","page","type-page","status-publish","has-post-thumbnail","hentry"],"_links":{"self":[{"href":"https:\/\/studieslim.nl\/index.php\/wp-json\/wp\/v2\/pages\/48","targetHints":{"allow":["GET"]}}],"collection":[{"href":"https:\/\/studieslim.nl\/index.php\/wp-json\/wp\/v2\/pages"}],"about":[{"href":"https:\/\/studieslim.nl\/index.php\/wp-json\/wp\/v2\/types\/page"}],"author":[{"embeddable":true,"href":"https:\/\/studieslim.nl\/index.php\/wp-json\/wp\/v2\/users\/1"}],"replies":[{"embeddable":true,"href":"https:\/\/studieslim.nl\/index.php\/wp-json\/wp\/v2\/comments?post=48"}],"version-history":[{"count":75,"href":"https:\/\/studieslim.nl\/index.php\/wp-json\/wp\/v2\/pages\/48\/revisions"}],"predecessor-version":[{"id":274,"href":"https:\/\/studieslim.nl\/index.php\/wp-json\/wp\/v2\/pages\/48\/revisions\/274"}],"wp:featuredmedia":[{"embeddable":true,"href":"https:\/\/studieslim.nl\/index.php\/wp-json\/wp\/v2\/media\/12"}],"wp:attachment":[{"href":"https:\/\/studieslim.nl\/index.php\/wp-json\/wp\/v2\/media?parent=48"}],"curies":[{"name":"wp","href":"https:\/\/api.w.org\/{rel}","templated":true}]}}